{"id":126,"date":"2024-01-13T09:10:27","date_gmt":"2024-01-13T14:10:27","guid":{"rendered":"https:\/\/wordpress.dockhost.synology.me\/?page_id=126"},"modified":"2025-08-05T23:22:17","modified_gmt":"2025-08-06T03:22:17","slug":"other-considerations","status":"publish","type":"page","link":"https:\/\/wordpress.dockhost.synology.me\/fr_ca\/other-considerations\/","title":{"rendered":"Autres consid\u00e9rations"},"content":{"rendered":"<div data-elementor-type=\"wp-page\" data-elementor-id=\"126\" class=\"elementor elementor-126\">\n\t\t\t\t<div class=\"elementor-element elementor-element-fca7662 e-con-full e-flex e-con e-parent\" data-id=\"fca7662\" data-element_type=\"container\">\n\t\t\t\t<div class=\"elementor-element elementor-element-dd4f8c5 elementor-widget elementor-widget-heading\" data-id=\"dd4f8c5\" data-element_type=\"widget\" data-widget_type=\"heading.default\">\n\t\t\t\t<div class=\"elementor-widget-container\">\n\t\t\t\t\t<h2 class=\"elementor-heading-title elementor-size-default\">Autres consid\u00e9rations<\/h2>\t\t\t\t<\/div>\n\t\t\t\t<\/div>\n\t\t\t\t<\/div>\n\t\t<div class=\"elementor-element elementor-element-25beefa e-con-full e-flex e-con e-parent\" data-id=\"25beefa\" data-element_type=\"container\">\n\t\t\t\t<div class=\"elementor-element elementor-element-b5213e6 elementor-widget-divider--view-line elementor-widget elementor-widget-divider\" data-id=\"b5213e6\" data-element_type=\"widget\" data-widget_type=\"divider.default\">\n\t\t\t\t<div class=\"elementor-widget-container\">\n\t\t\t\t\t\t\t<div class=\"elementor-divider\">\n\t\t\t<span class=\"elementor-divider-separator\">\n\t\t\t\t\t\t<\/span>\n\t\t<\/div>\n\t\t\t\t\t\t<\/div>\n\t\t\t\t<\/div>\n\t\t\t\t<div class=\"elementor-element elementor-element-be91bbb elementor-grid-eael-col-3 elementor-grid-tablet-eael-col-2 elementor-grid-mobile-eael-col-1 elementor-widget elementor-widget-eael-post-grid\" data-id=\"be91bbb\" data-element_type=\"widget\" data-settings=\"{&quot;eael_post_grid_columns&quot;:&quot;eael-col-3&quot;,&quot;eael_post_grid_columns_tablet&quot;:&quot;eael-col-2&quot;,&quot;eael_post_grid_columns_mobile&quot;:&quot;eael-col-1&quot;}\" data-widget_type=\"eael-post-grid.default\">\n\t\t\t\t<div class=\"elementor-widget-container\">\n\t\t\t\t\t<div id=\"eael-post-grid-be91bbb\" class=\"eael-post-grid-container\">\n            <div class=\"eael-post-grid eael-post-appender eael-post-appender-be91bbb eael-post-grid-style-one\" data-layout-mode=\"grid\"><article class=\"eael-grid-post eael-post-grid-column\" data-id=\"3562\">\n        <div class=\"eael-grid-post-holder\">\n            <div class=\"eael-grid-post-holder-inner\"><div class=\"eael-entry-wrapper\"><header class=\"eael-entry-header\"><h4 class=\"eael-entry-title\"><a class=\"eael-grid-post-link\" href=\"https:\/\/wordpress.dockhost.synology.me\/fr_ca\/qualified-investments-for-resps\/\" title=\"Placements admissibles pour les REEE\">Placements admissibles pour les REEE<\/a><\/h4><\/header><div class=\"eael-entry-content\">\n                        <div class=\"eael-grid-post-excerpt\"><p>Les placements admissibles sont des placements autoris\u00e9s dans les r\u00e9gimes enregistr\u00e9s d'\u00e9pargne-\u00e9tudes (REEE).  Les placements non admissibles sont assujettis \u00e0 un imp\u00f4t sp\u00e9cial.<\/p><a href=\"https:\/\/wordpress.dockhost.synology.me\/fr_ca\/qualified-investments-for-resps\/\" class=\"eael-post-elements-readmore-btn\">En savoir plus<\/a><\/div>\n                    <\/div><div class=\"eael-entry-footer\"><div class=\"eael-entry-meta\"><span class=\"eael-posted-on\"><time datetime=\"2025-08-14\">2025-08-14<\/time><\/span><\/div><\/div><\/div><\/div>\n        <\/div>\n    <\/article><article class=\"eael-grid-post eael-post-grid-column\" data-id=\"2402\">\n        <div class=\"eael-grid-post-holder\">\n            <div class=\"eael-grid-post-holder-inner\"><div class=\"eael-entry-wrapper\"><header class=\"eael-entry-header\"><h4 class=\"eael-entry-title\"><a class=\"eael-grid-post-link\" href=\"https:\/\/wordpress.dockhost.synology.me\/fr_ca\/what-is-a-post-secondary-educational-institution\/\" title=\"Qu&#039;est-ce qu&#039;un \u00e9tablissement d&#039;enseignement postsecondaire ?\">Qu'est-ce qu'un \u00e9tablissement d'enseignement postsecondaire ?<\/a><\/h4><\/header><div class=\"eael-entry-content\">\n                        <div class=\"eael-grid-post-excerpt\"><p>Qu'est-ce qu'un \u00e9tablissement d'enseignement postsecondaire aux fins d'une prestation d'aide \u00e0 l'\u00e9ducation (PAE) ?<\/p><a href=\"https:\/\/wordpress.dockhost.synology.me\/fr_ca\/what-is-a-post-secondary-educational-institution\/\" class=\"eael-post-elements-readmore-btn\">En savoir plus<\/a><\/div>\n                    <\/div><div class=\"eael-entry-footer\"><div class=\"eael-entry-meta\"><span class=\"eael-posted-on\"><time datetime=\"2025-07-24\">2025-07-24<\/time><\/span><\/div><\/div><\/div><\/div>\n        <\/div>\n    <\/article><article class=\"eael-grid-post eael-post-grid-column\" data-id=\"1989\">\n        <div class=\"eael-grid-post-holder\">\n            <div class=\"eael-grid-post-holder-inner\"><div class=\"eael-entry-wrapper\"><header class=\"eael-entry-header\"><h4 class=\"eael-entry-title\"><a class=\"eael-grid-post-link\" href=\"https:\/\/wordpress.dockhost.synology.me\/fr_ca\/adjusted-family-net-income\/\" title=\"Revenu net familial ajust\u00e9\">Revenu net familial ajust\u00e9<\/a><\/h4><\/header><div class=\"eael-entry-content\">\n                        <div class=\"eael-grid-post-excerpt\"><p>Le revenu familial net ajust\u00e9 correspond au revenu familial net [ligne 23600 pour les particuliers, plus le conjoint ou le conjoint de fait, le cas \u00e9ch\u00e9ant] moins la Prestation universelle pour la garde d'enfants (PUGE) et le revenu du R\u00e9gime enregistr\u00e9 d'\u00e9pargne-invalidit\u00e9 (REEI), plus le remboursement de la PUGE et du REEI.<\/p><a href=\"https:\/\/wordpress.dockhost.synology.me\/fr_ca\/adjusted-family-net-income\/\" class=\"eael-post-elements-readmore-btn\">En savoir plus<\/a><\/div>\n                    <\/div><div class=\"eael-entry-footer\"><div class=\"eael-entry-meta\"><span class=\"eael-posted-on\"><time datetime=\"2025-07-20\">2025-07-20<\/time><\/span><\/div><\/div><\/div><\/div>\n        <\/div>\n    <\/article><article class=\"eael-grid-post eael-post-grid-column\" data-id=\"1196\">\n        <div class=\"eael-grid-post-holder\">\n            <div class=\"eael-grid-post-holder-inner\"><div class=\"eael-entry-wrapper\"><header class=\"eael-entry-header\"><h4 class=\"eael-entry-title\"><a class=\"eael-grid-post-link\" href=\"https:\/\/wordpress.dockhost.synology.me\/fr_ca\/what-can-an-resp-be-used-for\/\" title=\"\u00c0 quoi peut servir un REEE ?\">\u00c0 quoi peut servir un REEE ?<\/a><\/h4><\/header><div class=\"eael-entry-content\">\n                        <div class=\"eael-grid-post-excerpt\"><p>Un REEE peut \u00eatre utilis\u00e9 pour payer les frais de scolarit\u00e9 et de nombreuses d\u00e9penses li\u00e9es \u00e0 l'\u00e9ducation.<\/p><a href=\"https:\/\/wordpress.dockhost.synology.me\/fr_ca\/what-can-an-resp-be-used-for\/\" class=\"eael-post-elements-readmore-btn\">En savoir plus<\/a><\/div>\n                    <\/div><div class=\"eael-entry-footer\"><div class=\"eael-entry-meta\"><span class=\"eael-posted-on\"><time datetime=\"2025-07-13\">2025-07-13<\/time><\/span><\/div><\/div><\/div><\/div>\n        <\/div>\n    <\/article><article class=\"eael-grid-post eael-post-grid-column\" data-id=\"103\">\n        <div class=\"eael-grid-post-holder\">\n            <div class=\"eael-grid-post-holder-inner\"><div class=\"eael-entry-wrapper\"><header class=\"eael-entry-header\"><h4 class=\"eael-entry-title\"><a class=\"eael-grid-post-link\" href=\"https:\/\/wordpress.dockhost.synology.me\/fr_ca\/tax-credits-for-students\/\" title=\"Cr\u00e9dits d&#039;imp\u00f4t pour les \u00e9tudiants\">Cr\u00e9dits d'imp\u00f4t pour les \u00e9tudiants<\/a><\/h4><\/header><div class=\"eael-entry-content\">\n                        <div class=\"eael-grid-post-excerpt\"><p>Students may be eligible for tax credits even if there is no income. Common refundable tax credits for students include: Canada training credit, tuition, education, and textbook amounts.<\/p><a href=\"https:\/\/wordpress.dockhost.synology.me\/fr_ca\/tax-credits-for-students\/\" class=\"eael-post-elements-readmore-btn\">En savoir plus<\/a><\/div>\n                    <\/div><div class=\"eael-entry-footer\"><div class=\"eael-entry-meta\"><span class=\"eael-posted-on\"><time datetime=\"2023-12-25\">2023-12-25<\/time><\/span><\/div><\/div><\/div><\/div>\n        <\/div>\n    <\/article><article class=\"eael-grid-post eael-post-grid-column\" data-id=\"97\">\n        <div class=\"eael-grid-post-holder\">\n            <div class=\"eael-grid-post-holder-inner\"><div class=\"eael-entry-wrapper\"><header class=\"eael-entry-header\"><h4 class=\"eael-entry-title\"><a class=\"eael-grid-post-link\" href=\"https:\/\/wordpress.dockhost.synology.me\/fr_ca\/estate-planning\/\" title=\"Planification successorale\">Planification successorale<\/a><\/h4><\/header><div class=\"eael-entry-content\">\n                        <div class=\"eael-grid-post-excerpt\"><p>Dans le contexte du droit de la famille et des proc\u00e9dures de faillite, un REEE a \u00e9t\u00e9 consid\u00e9r\u00e9 comme un actif du souscripteur adulte et non de l'enfant au profit duquel le REEE est destin\u00e9.<\/p><a href=\"https:\/\/wordpress.dockhost.synology.me\/fr_ca\/estate-planning\/\" class=\"eael-post-elements-readmore-btn\">En savoir plus<\/a><\/div>\n                    <\/div><div class=\"eael-entry-footer\"><div class=\"eael-entry-meta\"><span class=\"eael-posted-on\"><time datetime=\"2023-07-31\">2023-07-31<\/time><\/span><\/div><\/div><\/div><\/div>\n        <\/div>\n    <\/article><article class=\"eael-grid-post eael-post-grid-column\" data-id=\"91\">\n        <div class=\"eael-grid-post-holder\">\n            <div class=\"eael-grid-post-holder-inner\"><div class=\"eael-entry-wrapper\"><header class=\"eael-entry-header\"><h4 class=\"eael-entry-title\"><a class=\"eael-grid-post-link\" href=\"https:\/\/wordpress.dockhost.synology.me\/fr_ca\/non-residents-resps\/\" title=\"Non-Residents &amp; RESPs\">Les non-r\u00e9sidents et les REEE<\/a><\/h4><\/header><div class=\"eael-entry-content\">\n                        <div class=\"eael-grid-post-excerpt\"><p>Si le souscripteur ou le b\u00e9n\u00e9ficiaire d'un REEE est (ou deviendra) un non-r\u00e9sident, il peut y avoir des cons\u00e9quences fiscales au Canada et \u00e0 l'\u00e9tranger.<\/p><a href=\"https:\/\/wordpress.dockhost.synology.me\/fr_ca\/non-residents-resps\/\" class=\"eael-post-elements-readmore-btn\">En savoir plus<\/a><\/div>\n                    <\/div><div class=\"eael-entry-footer\"><div class=\"eael-entry-meta\"><span class=\"eael-posted-on\"><time datetime=\"2023-07-31\">2023-07-31<\/time><\/span><\/div><\/div><\/div><\/div>\n        <\/div>\n    <\/article><article class=\"eael-grid-post eael-post-grid-column\" data-id=\"74\">\n        <div class=\"eael-grid-post-holder\">\n            <div class=\"eael-grid-post-holder-inner\"><div class=\"eael-entry-wrapper\"><header class=\"eael-entry-header\"><h4 class=\"eael-entry-title\"><a class=\"eael-grid-post-link\" href=\"https:\/\/wordpress.dockhost.synology.me\/fr_ca\/creditor-protection\/\" title=\"Protection contre les cr\u00e9anciers\">Protection contre les cr\u00e9anciers<\/a><\/h4><\/header><div class=\"eael-entry-content\">\n                        <div class=\"eael-grid-post-excerpt\"><p>Les fonds d\u00e9tenus dans un REEE ne sont g\u00e9n\u00e9ralement pas prot\u00e9g\u00e9s contre les cr\u00e9anciers du souscripteur.<\/p><a href=\"https:\/\/wordpress.dockhost.synology.me\/fr_ca\/creditor-protection\/\" class=\"eael-post-elements-readmore-btn\">En savoir plus<\/a><\/div>\n                    <\/div><div class=\"eael-entry-footer\"><div class=\"eael-entry-meta\"><span class=\"eael-posted-on\"><time datetime=\"2023-07-29\">2023-07-29<\/time><\/span><\/div><\/div><\/div><\/div>\n        <\/div>\n    <\/article><article class=\"eael-grid-post eael-post-grid-column\" data-id=\"68\">\n        <div class=\"eael-grid-post-holder\">\n            <div class=\"eael-grid-post-holder-inner\"><div class=\"eael-entry-wrapper\"><header class=\"eael-entry-header\"><h4 class=\"eael-entry-title\"><a class=\"eael-grid-post-link\" href=\"https:\/\/wordpress.dockhost.synology.me\/fr_ca\/canada-learning-bond-for-adults\/\" title=\"Bon d&#039;\u00e9tudes canadien pour les b\u00e9n\u00e9ficiaires adultes\">Bon d'\u00e9tudes canadien pour les b\u00e9n\u00e9ficiaires adultes<\/a><\/h4><\/header><div class=\"eael-entry-content\">\n                        <div class=\"eael-grid-post-excerpt\"><p>Les adultes peuvent \u00e9galement ouvrir un REEE pour eux-m\u00eames. Les adultes n\u00e9s en 2004 ou apr\u00e8s peuvent \u00e9galement recevoir le BEC pour eux-m\u00eames jusqu'\u00e0 l'\u00e2ge de 21 ans.<\/p><a href=\"https:\/\/wordpress.dockhost.synology.me\/fr_ca\/canada-learning-bond-for-adults\/\" class=\"eael-post-elements-readmore-btn\">En savoir plus<\/a><\/div>\n                    <\/div><div class=\"eael-entry-footer\"><div class=\"eael-entry-meta\"><span class=\"eael-posted-on\"><time datetime=\"2021-06-18\">2021-06-18<\/time><\/span><\/div><\/div><\/div><\/div>\n        <\/div>\n    <\/article><article class=\"eael-grid-post eael-post-grid-column\" data-id=\"61\">\n        <div class=\"eael-grid-post-holder\">\n            <div class=\"eael-grid-post-holder-inner\"><div class=\"eael-entry-wrapper\"><header class=\"eael-entry-header\"><h4 class=\"eael-entry-title\"><a class=\"eael-grid-post-link\" href=\"https:\/\/wordpress.dockhost.synology.me\/fr_ca\/resp-tax-implications\/\" title=\"Implications fiscales du REEE\">Implications fiscales du REEE<\/a><\/h4><\/header><div class=\"eael-entry-content\">\n                        <div class=\"eael-grid-post-excerpt\"><p>Les REEE sont des comptes enregistr\u00e9s qui permettent une croissance des investissements en franchise d'imp\u00f4t, mais les retraits peuvent avoir des cons\u00e9quences fiscales.<\/p><a href=\"https:\/\/wordpress.dockhost.synology.me\/fr_ca\/resp-tax-implications\/\" class=\"eael-post-elements-readmore-btn\">En savoir plus<\/a><\/div>\n                    <\/div><div class=\"eael-entry-footer\"><div class=\"eael-entry-meta\"><span class=\"eael-posted-on\"><time datetime=\"2017-06-30\">2017-06-30<\/time><\/span><\/div><\/div><\/div><\/div>\n        <\/div>\n    <\/article><\/div>\n            <div class=\"clearfix\"><\/div>\n        <\/div>            <div class=\"eael-load-more-button-wrap eael-force-hide\">\n                <button class=\"eael-load-more-button\" id=\"eael-load-more-btn-be91bbb\" data-widget-id=\"be91bbb\" data-widget=\"be91bbb\" data-page-id=\"126\" data-template=\"{&quot;dir&quot;:&quot;lite&quot;,&quot;file_name&quot;:&quot;one.php&quot;,&quot;name&quot;:&quot;Post-Grid&quot;}\" data-class=\"Essential_Addons_Elementor\\Elements\\Post_Grid\" data-layout=\"grid\" data-page=\"1\" data-args=\"orderby=date&amp;order=desc&amp;ignore_sticky_posts=1&amp;post_status=publish&amp;posts_per_page=&amp;offset=0&amp;post_type=post\" data-max-page=\"10\">\n                    <span class=\"eael-btn-loader button__loader\"><\/span>\n                    <span class=\"eael_load_more_text\">En savoir plus<\/span>\n                <\/button>\n            <\/div>\n            \t\t\t\t<\/div>\n\t\t\t\t<\/div>\n\t\t\t\t<\/div>\n\t\t\t\t<\/div>","protected":false},"excerpt":{"rendered":"<p>Other Considerations What is a post-secondary educational institution? What is a post-secondary educational institution for the purposes of an education assistance payment (EAP)? Read More 2025-07-24 Adjusted Family Net Income Adjusted family net income is family net income [line 23600 for individual, plus spouse\/common-law partner, if applicable]\u00a0minus Universal child care benefit (UCCB) and Registered Disability&#8230;<\/p>","protected":false},"author":1,"featured_media":922,"parent":0,"menu_order":3,"comment_status":"closed","ping_status":"closed","template":"","meta":{"_kad_post_transparent":"","_kad_post_title":"","_kad_post_layout":"","_kad_post_sidebar_id":"","_kad_post_content_style":"","_kad_post_vertical_padding":"","_kad_post_feature":"","_kad_post_feature_position":"","_kad_post_header":false,"_kad_post_footer":false,"_kad_post_classname":"","footnotes":""},"class_list":["post-126","page","type-page","status-publish","has-post-thumbnail","hentry"],"_links":{"self":[{"href":"https:\/\/wordpress.dockhost.synology.me\/fr_ca\/wp-json\/wp\/v2\/pages\/126","targetHints":{"allow":["GET"]}}],"collection":[{"href":"https:\/\/wordpress.dockhost.synology.me\/fr_ca\/wp-json\/wp\/v2\/pages"}],"about":[{"href":"https:\/\/wordpress.dockhost.synology.me\/fr_ca\/wp-json\/wp\/v2\/types\/page"}],"author":[{"embeddable":true,"href":"https:\/\/wordpress.dockhost.synology.me\/fr_ca\/wp-json\/wp\/v2\/users\/1"}],"replies":[{"embeddable":true,"href":"https:\/\/wordpress.dockhost.synology.me\/fr_ca\/wp-json\/wp\/v2\/comments?post=126"}],"version-history":[{"count":67,"href":"https:\/\/wordpress.dockhost.synology.me\/fr_ca\/wp-json\/wp\/v2\/pages\/126\/revisions"}],"predecessor-version":[{"id":3522,"href":"https:\/\/wordpress.dockhost.synology.me\/fr_ca\/wp-json\/wp\/v2\/pages\/126\/revisions\/3522"}],"wp:featuredmedia":[{"embeddable":true,"href":"https:\/\/wordpress.dockhost.synology.me\/fr_ca\/wp-json\/wp\/v2\/media\/922"}],"wp:attachment":[{"href":"https:\/\/wordpress.dockhost.synology.me\/fr_ca\/wp-json\/wp\/v2\/media?parent=126"}],"curies":[{"name":"wp","href":"https:\/\/api.w.org\/{rel}","templated":true}]}}